{"id":13,"date":"2024-07-24T16:23:33","date_gmt":"2024-07-24T16:23:33","guid":{"rendered":"https:\/\/petru.rkinformatika.online\/?page_id=13"},"modified":"2024-08-01T17:07:07","modified_gmt":"2024-08-01T17:07:07","slug":"servicios","status":"publish","type":"page","link":"https:\/\/bpetru.com\/eus\/servicios\/","title":{"rendered":"Servicios"},"content":{"rendered":"<div data-elementor-type=\"wp-page\" data-elementor-id=\"13\" class=\"elementor elementor-13\" data-elementor-post-type=\"page\">\n\t\t\t\t<div class=\"elementor-element elementor-element-13fce820 e-flex e-con-boxed e-con e-parent\" data-id=\"13fce820\" data-element_type=\"container\" data-e-type=\"container\" data-settings=\"{&quot;background_background&quot;:&quot;classic&quot;}\">\n\t\t\t\t\t<div class=\"e-con-inner\">\n\t\t\t\t<div class=\"elementor-element elementor-element-48b19be3 elementor-widget elementor-widget-heading\" data-id=\"48b19be3\" data-element_type=\"widget\" data-e-type=\"widget\" data-widget_type=\"heading.default\">\n\t\t\t\t<div class=\"elementor-widget-container\">\n\t\t\t\t\t<h1 class=\"elementor-heading-title elementor-size-default\">servicios<\/h1>\t\t\t\t<\/div>\n\t\t\t\t<\/div>\n\t\t\t\t\t<\/div>\n\t\t\t\t<\/div>\n\t\t<div class=\"elementor-element elementor-element-626784ef e-flex e-con-boxed e-con e-parent\" data-id=\"626784ef\" data-element_type=\"container\" data-e-type=\"container\" data-settings=\"{&quot;background_background&quot;:&quot;classic&quot;}\">\n\t\t\t\t\t<div class=\"e-con-inner\">\n\t\t<div class=\"elementor-element elementor-element-3d61e2c4 e-flex e-con-boxed e-con e-child\" data-id=\"3d61e2c4\" data-element_type=\"container\" data-e-type=\"container\">\n\t\t\t\t\t<div class=\"e-con-inner\">\n\t\t<div class=\"elementor-element elementor-element-31afdff8 e-con-full e-flex e-con e-child\" data-id=\"31afdff8\" data-element_type=\"container\" data-e-type=\"container\">\n\t\t\t\t<div class=\"elementor-element elementor-element-431e0a9e elementor-widget elementor-widget-elementskit-heading\" data-id=\"431e0a9e\" data-element_type=\"widget\" data-e-type=\"widget\" data-widget_type=\"elementskit-heading.default\">\n\t\t\t\t<div class=\"elementor-widget-container\">\n\t\t\t\t\t<div class=\"ekit-wid-con\" ><div class=\"ekit-heading elementskit-section-title-wraper text_left   ekit_heading_tablet-text_center   ekit_heading_mobile-\"><h2 class=\"ekit-heading--title elementskit-section-title\">Nuestros <span><span>Servicios<\/span><\/span><\/h2>\t\t\t\t<div class='ekit-heading__description'>\n\t\t\t\t\t<p>Transportes eficientes y confiables, dise\u00f1ados para satisfacer todas tus necesidades de movilidad.<\/p>\n\t\t\t\t<\/div>\n\t\t\t<\/div><\/div>\t\t\t\t<\/div>\n\t\t\t\t<\/div>\n\t\t\t\t<\/div>\n\t\t<div class=\"elementor-element elementor-element-58f0e815 e-con-full e-grid e-con e-child\" data-id=\"58f0e815\" data-element_type=\"container\" data-e-type=\"container\">\n\t\t<div class=\"elementor-element elementor-element-3f534b7 e-con-full e-flex e-con e-child\" data-id=\"3f534b7\" data-element_type=\"container\" data-e-type=\"container\">\n\t\t\t\t<div class=\"elementor-element elementor-element-1ba53a0 elementor-widget elementor-widget-image\" data-id=\"1ba53a0\" data-element_type=\"widget\" data-e-type=\"widget\" data-widget_type=\"image.default\">\n\t\t\t\t<div class=\"elementor-widget-container\">\n\t\t\t\t\t\t\t\t\t\t\t\t\t\t\t<img fetchpriority=\"high\" decoding=\"async\" width=\"800\" height=\"800\" src=\"https:\/\/bpetru.com\/wp-content\/uploads\/2024\/08\/a-red-truck-loaded-with-boxes-e1722529691347-1024x1024.jpg\" class=\"attachment-large size-large wp-image-136\" alt=\"A red truck loaded with boxes\" srcset=\"https:\/\/bpetru.com\/wp-content\/uploads\/2024\/08\/a-red-truck-loaded-with-boxes-e1722529691347-1024x1024.jpg 1024w, https:\/\/bpetru.com\/wp-content\/uploads\/2024\/08\/a-red-truck-loaded-with-boxes-e1722529691347-300x300.jpg 300w, https:\/\/bpetru.com\/wp-content\/uploads\/2024\/08\/a-red-truck-loaded-with-boxes-e1722529691347-100x100.jpg 100w, https:\/\/bpetru.com\/wp-content\/uploads\/2024\/08\/a-red-truck-loaded-with-boxes-e1722529691347-600x599.jpg 600w, https:\/\/bpetru.com\/wp-content\/uploads\/2024\/08\/a-red-truck-loaded-with-boxes-e1722529691347-150x150.jpg 150w, https:\/\/bpetru.com\/wp-content\/uploads\/2024\/08\/a-red-truck-loaded-with-boxes-e1722529691347-768x767.jpg 768w, https:\/\/bpetru.com\/wp-content\/uploads\/2024\/08\/a-red-truck-loaded-with-boxes-e1722529691347-12x12.jpg 12w, https:\/\/bpetru.com\/wp-content\/uploads\/2024\/08\/a-red-truck-loaded-with-boxes-e1722529691347.jpg 1163w\" sizes=\"(max-width: 800px) 100vw, 800px\" \/>\t\t\t\t\t\t\t\t\t\t\t\t\t\t\t<\/div>\n\t\t\t\t<\/div>\n\t\t\t\t<div class=\"elementor-element elementor-element-2da2beb elementor-widget elementor-widget-heading\" data-id=\"2da2beb\" data-element_type=\"widget\" data-e-type=\"widget\" data-widget_type=\"heading.default\">\n\t\t\t\t<div class=\"elementor-widget-container\">\n\t\t\t\t\t<h2 class=\"elementor-heading-title elementor-size-default\">Mercanc\u00edas en General<\/h2>\t\t\t\t<\/div>\n\t\t\t\t<\/div>\n\t\t\t\t<div class=\"elementor-element elementor-element-2a0e507 elementor-widget elementor-widget-text-editor\" data-id=\"2a0e507\" data-element_type=\"widget\" data-e-type=\"widget\" data-widget_type=\"text-editor.default\">\n\t\t\t\t<div class=\"elementor-widget-container\">\n\t\t\t\t\t\t\t\t\t<p>Transportamos tus mercanc\u00edas con eficiencia y seguridad, garantizando entregas puntuales y en perfectas condiciones.<\/p>\t\t\t\t\t\t\t\t<\/div>\n\t\t\t\t<\/div>\n\t\t\t\t<\/div>\n\t\t<div class=\"elementor-element elementor-element-e541852 e-con-full e-flex e-con e-child\" data-id=\"e541852\" data-element_type=\"container\" data-e-type=\"container\">\n\t\t\t\t<div class=\"elementor-element elementor-element-df7d654 elementor-widget elementor-widget-image\" data-id=\"df7d654\" data-element_type=\"widget\" data-e-type=\"widget\" data-widget_type=\"image.default\">\n\t\t\t\t<div class=\"elementor-widget-container\">\n\t\t\t\t\t\t\t\t\t\t\t\t\t\t\t<img decoding=\"async\" width=\"800\" height=\"800\" src=\"https:\/\/bpetru.com\/wp-content\/uploads\/2024\/08\/yellow-triangle-warning-sign-symbol-danger-caution-risk-traffic-icon-background-3d-rendering-scaled-e1722529886667-1024x1024.jpg\" class=\"attachment-large size-large wp-image-137\" alt=\"\" srcset=\"https:\/\/bpetru.com\/wp-content\/uploads\/2024\/08\/yellow-triangle-warning-sign-symbol-danger-caution-risk-traffic-icon-background-3d-rendering-scaled-e1722529886667-1024x1024.jpg 1024w, https:\/\/bpetru.com\/wp-content\/uploads\/2024\/08\/yellow-triangle-warning-sign-symbol-danger-caution-risk-traffic-icon-background-3d-rendering-scaled-e1722529886667-300x300.jpg 300w, https:\/\/bpetru.com\/wp-content\/uploads\/2024\/08\/yellow-triangle-warning-sign-symbol-danger-caution-risk-traffic-icon-background-3d-rendering-scaled-e1722529886667-100x100.jpg 100w, https:\/\/bpetru.com\/wp-content\/uploads\/2024\/08\/yellow-triangle-warning-sign-symbol-danger-caution-risk-traffic-icon-background-3d-rendering-scaled-e1722529886667-600x600.jpg 600w, https:\/\/bpetru.com\/wp-content\/uploads\/2024\/08\/yellow-triangle-warning-sign-symbol-danger-caution-risk-traffic-icon-background-3d-rendering-scaled-e1722529886667-150x150.jpg 150w, https:\/\/bpetru.com\/wp-content\/uploads\/2024\/08\/yellow-triangle-warning-sign-symbol-danger-caution-risk-traffic-icon-background-3d-rendering-scaled-e1722529886667-768x768.jpg 768w, https:\/\/bpetru.com\/wp-content\/uploads\/2024\/08\/yellow-triangle-warning-sign-symbol-danger-caution-risk-traffic-icon-background-3d-rendering-scaled-e1722529886667-12x12.jpg 12w, https:\/\/bpetru.com\/wp-content\/uploads\/2024\/08\/yellow-triangle-warning-sign-symbol-danger-caution-risk-traffic-icon-background-3d-rendering-scaled-e1722529886667.jpg 1348w\" sizes=\"(max-width: 800px) 100vw, 800px\" \/>\t\t\t\t\t\t\t\t\t\t\t\t\t\t\t<\/div>\n\t\t\t\t<\/div>\n\t\t\t\t<div class=\"elementor-element elementor-element-36d40a1 elementor-widget elementor-widget-heading\" data-id=\"36d40a1\" data-element_type=\"widget\" data-e-type=\"widget\" data-widget_type=\"heading.default\">\n\t\t\t\t<div class=\"elementor-widget-container\">\n\t\t\t\t\t<h2 class=\"elementor-heading-title elementor-size-default\">Mercanc\u00edas Peligrosas<\/h2>\t\t\t\t<\/div>\n\t\t\t\t<\/div>\n\t\t\t\t<div class=\"elementor-element elementor-element-5c048d6 elementor-widget elementor-widget-text-editor\" data-id=\"5c048d6\" data-element_type=\"widget\" data-e-type=\"widget\" data-widget_type=\"text-editor.default\">\n\t\t\t\t<div class=\"elementor-widget-container\">\n\t\t\t\t\t\t\t\t\t<p>Transportamos mercanc\u00edas peligrosas con total seguridad y conforme a las normativas ADR, asegurando tu carga y su correcta entrega.<\/p>\t\t\t\t\t\t\t\t<\/div>\n\t\t\t\t<\/div>\n\t\t\t\t<\/div>\n\t\t\t\t<\/div>\n\t\t\t\t\t<\/div>\n\t\t\t\t<\/div>\n\t\t\t\t\t<\/div>\n\t\t\t\t<\/div>\n\t\t\t\t<section class=\"elementor-section elementor-top-section elementor-element elementor-element-7cb2b812 elementor-section-boxed elementor-section-height-default elementor-section-height-default\" data-id=\"7cb2b812\" data-element_type=\"section\" data-e-type=\"section\" data-settings=\"{&quot;background_background&quot;:&quot;classic&quot;}\">\n\t\t\t\t\t\t\t<div class=\"elementor-background-overlay\"><\/div>\n\t\t\t\t\t\t\t<div class=\"elementor-container elementor-column-gap-default\">\n\t\t\t\t\t<div class=\"elementor-column elementor-col-100 elementor-top-column elementor-element elementor-element-35174349\" data-id=\"35174349\" data-element_type=\"column\" data-e-type=\"column\">\n\t\t\t<div class=\"elementor-widget-wrap elementor-element-populated\">\n\t\t\t\t\t\t<div class=\"elementor-element elementor-element-725b9250 elementor-invisible elementor-widget elementor-widget-heading\" data-id=\"725b9250\" data-element_type=\"widget\" data-e-type=\"widget\" data-settings=\"{&quot;_animation&quot;:&quot;fadeIn&quot;,&quot;_animation_delay&quot;:100}\" data-widget_type=\"heading.default\">\n\t\t\t\t<div class=\"elementor-widget-container\">\n\t\t\t\t\t<h2 class=\"elementor-heading-title elementor-size-default\">\u00a1Cont\u00e1ctanos hoy y asegura el transporte seguro y eficiente de tu mercanc\u00eda!<\/h2>\t\t\t\t<\/div>\n\t\t\t\t<\/div>\n\t\t\t\t<section class=\"elementor-section elementor-inner-section elementor-element elementor-element-41ea52f7 elementor-section-boxed elementor-section-height-default elementor-section-height-default elementor-invisible\" data-id=\"41ea52f7\" data-element_type=\"section\" data-e-type=\"section\" data-settings=\"{&quot;animation&quot;:&quot;fadeIn&quot;,&quot;animation_delay&quot;:400}\">\n\t\t\t\t\t\t<div class=\"elementor-container elementor-column-gap-narrow\">\n\t\t\t\t\t<div class=\"elementor-column elementor-col-100 elementor-inner-column elementor-element elementor-element-16d04069\" data-id=\"16d04069\" data-element_type=\"column\" data-e-type=\"column\">\n\t\t\t<div class=\"elementor-widget-wrap elementor-element-populated\">\n\t\t\t\t\t\t<div class=\"elementor-element elementor-element-137aef02 elementor-align-center elementor-mobile-align-center elementor-widget-mobile__width-initial elementor-widget elementor-widget-button\" data-id=\"137aef02\" data-element_type=\"widget\" data-e-type=\"widget\" data-widget_type=\"button.default\">\n\t\t\t\t<div class=\"elementor-widget-container\">\n\t\t\t\t\t\t\t\t\t<div class=\"elementor-button-wrapper\">\n\t\t\t\t\t<a class=\"elementor-button elementor-button-link elementor-size-md elementor-animation-grow\" href=\"tel:%20642%2090%2056%2084\">\n\t\t\t\t\t\t<span class=\"elementor-button-content-wrapper\">\n\t\t\t\t\t\t\t\t\t<span class=\"elementor-button-text\">Ll\u00e1manos<\/span>\n\t\t\t\t\t<\/span>\n\t\t\t\t\t<\/a>\n\t\t\t\t<\/div>\n\t\t\t\t\t\t\t\t<\/div>\n\t\t\t\t<\/div>\n\t\t\t\t\t<\/div>\n\t\t<\/div>\n\t\t\t\t\t<\/div>\n\t\t<\/section>\n\t\t\t\t\t<\/div>\n\t\t<\/div>\n\t\t\t\t\t<\/div>\n\t\t<\/section>\n\t\t\t\t<\/div>","protected":false},"excerpt":{"rendered":"<p>servicios Nuestros Servicios Transportes eficientes y confiables, dise\u00f1ados para satisfacer todas tus necesidades de movilidad. Mercanc\u00edas en General Transportamos tus mercanc\u00edas con eficiencia y seguridad, garantizando entregas puntuales y en perfectas condiciones. Mercanc\u00edas Peligrosas Transportamos mercanc\u00edas peligrosas con total seguridad y conforme a las normativas ADR, asegurando tu carga y su correcta entrega. \u00a1Cont\u00e1ctanos hoy [&hellip;]<\/p>\n","protected":false},"author":1,"featured_media":0,"parent":0,"menu_order":0,"comment_status":"closed","ping_status":"closed","template":"elementor_canvas","meta":{"footnotes":""},"class_list":["post-13","page","type-page","status-publish","hentry"],"yoast_head":"<!-- This site is optimized with the Yoast SEO plugin v27.5 - https:\/\/yoast.com\/product\/yoast-seo-wordpress\/ -->\n<title>Servicios - B. Petru<\/title>\n<meta name=\"robots\" content=\"index, follow, max-snippet:-1, max-image-preview:large, max-video-preview:-1\" \/>\n<link rel=\"canonical\" href=\"https:\/\/bpetru.com\/eus\/servicios\/\" \/>\n<meta property=\"og:locale\" content=\"en_US\" \/>\n<meta property=\"og:type\" content=\"article\" \/>\n<meta property=\"og:title\" content=\"Servicios - B. Petru\" \/>\n<meta property=\"og:description\" content=\"servicios Nuestros Servicios Transportes eficientes y confiables, dise\u00f1ados para satisfacer todas tus necesidades de movilidad. Mercanc\u00edas en General Transportamos tus mercanc\u00edas con eficiencia y seguridad, garantizando entregas puntuales y en perfectas condiciones. Mercanc\u00edas Peligrosas Transportamos mercanc\u00edas peligrosas con total seguridad y conforme a las normativas ADR, asegurando tu carga y su correcta entrega. \u00a1Cont\u00e1ctanos hoy [&hellip;]\" \/>\n<meta property=\"og:url\" content=\"https:\/\/bpetru.com\/eus\/servicios\/\" \/>\n<meta property=\"og:site_name\" content=\"B. Petru\" \/>\n<meta property=\"article:modified_time\" content=\"2024-08-01T17:07:07+00:00\" \/>\n<meta property=\"og:image\" content=\"https:\/\/bpetru.com\/wp-content\/uploads\/2024\/08\/a-red-truck-loaded-with-boxes-e1722529691347-1024x1024.jpg\" \/>\n<meta name=\"twitter:card\" content=\"summary_large_image\" \/>\n<meta name=\"twitter:label1\" content=\"Est. reading time\" \/>\n\t<meta name=\"twitter:data1\" content=\"1 minutua\" \/>\n<script type=\"application\/ld+json\" class=\"yoast-schema-graph\">{\"@context\":\"https:\\\/\\\/schema.org\",\"@graph\":[{\"@type\":\"WebPage\",\"@id\":\"https:\\\/\\\/bpetru.com\\\/servicios\\\/\",\"url\":\"https:\\\/\\\/bpetru.com\\\/servicios\\\/\",\"name\":\"Servicios - B. Petru\",\"isPartOf\":{\"@id\":\"https:\\\/\\\/bpetru.com\\\/#website\"},\"primaryImageOfPage\":{\"@id\":\"https:\\\/\\\/bpetru.com\\\/servicios\\\/#primaryimage\"},\"image\":{\"@id\":\"https:\\\/\\\/bpetru.com\\\/servicios\\\/#primaryimage\"},\"thumbnailUrl\":\"https:\\\/\\\/bpetru.com\\\/wp-content\\\/uploads\\\/2024\\\/08\\\/a-red-truck-loaded-with-boxes-e1722529691347-1024x1024.jpg\",\"datePublished\":\"2024-07-24T16:23:33+00:00\",\"dateModified\":\"2024-08-01T17:07:07+00:00\",\"breadcrumb\":{\"@id\":\"https:\\\/\\\/bpetru.com\\\/servicios\\\/#breadcrumb\"},\"inLanguage\":\"eu\",\"potentialAction\":[{\"@type\":\"ReadAction\",\"target\":[\"https:\\\/\\\/bpetru.com\\\/servicios\\\/\"]}]},{\"@type\":\"ImageObject\",\"inLanguage\":\"eu\",\"@id\":\"https:\\\/\\\/bpetru.com\\\/servicios\\\/#primaryimage\",\"url\":\"https:\\\/\\\/bpetru.com\\\/wp-content\\\/uploads\\\/2024\\\/08\\\/a-red-truck-loaded-with-boxes-e1722529691347-1024x1024.jpg\",\"contentUrl\":\"https:\\\/\\\/bpetru.com\\\/wp-content\\\/uploads\\\/2024\\\/08\\\/a-red-truck-loaded-with-boxes-e1722529691347-1024x1024.jpg\"},{\"@type\":\"BreadcrumbList\",\"@id\":\"https:\\\/\\\/bpetru.com\\\/servicios\\\/#breadcrumb\",\"itemListElement\":[{\"@type\":\"ListItem\",\"position\":1,\"name\":\"Portada\",\"item\":\"https:\\\/\\\/bpetru.com\\\/\"},{\"@type\":\"ListItem\",\"position\":2,\"name\":\"Servicios\"}]},{\"@type\":\"WebSite\",\"@id\":\"https:\\\/\\\/bpetru.com\\\/#website\",\"url\":\"https:\\\/\\\/bpetru.com\\\/\",\"name\":\"B. Petru\",\"description\":\"\",\"publisher\":{\"@id\":\"https:\\\/\\\/bpetru.com\\\/#organization\"},\"potentialAction\":[{\"@type\":\"SearchAction\",\"target\":{\"@type\":\"EntryPoint\",\"urlTemplate\":\"https:\\\/\\\/bpetru.com\\\/?s={search_term_string}\"},\"query-input\":{\"@type\":\"PropertyValueSpecification\",\"valueRequired\":true,\"valueName\":\"search_term_string\"}}],\"inLanguage\":\"eu\"},{\"@type\":\"Organization\",\"@id\":\"https:\\\/\\\/bpetru.com\\\/#organization\",\"name\":\"B. Petru\",\"url\":\"https:\\\/\\\/bpetru.com\\\/\",\"logo\":{\"@type\":\"ImageObject\",\"inLanguage\":\"eu\",\"@id\":\"https:\\\/\\\/bpetru.com\\\/#\\\/schema\\\/logo\\\/image\\\/\",\"url\":\"https:\\\/\\\/bpetru.com\\\/wp-content\\\/uploads\\\/2024\\\/08\\\/cropped-1-1.png\",\"contentUrl\":\"https:\\\/\\\/bpetru.com\\\/wp-content\\\/uploads\\\/2024\\\/08\\\/cropped-1-1.png\",\"width\":286,\"height\":282,\"caption\":\"B. Petru \"},\"image\":{\"@id\":\"https:\\\/\\\/bpetru.com\\\/#\\\/schema\\\/logo\\\/image\\\/\"}}]}<\/script>\n<!-- \/ Yoast SEO plugin. -->","yoast_head_json":{"title":"Servicios - B. Petru","robots":{"index":"index","follow":"follow","max-snippet":"max-snippet:-1","max-image-preview":"max-image-preview:large","max-video-preview":"max-video-preview:-1"},"canonical":"https:\/\/bpetru.com\/eus\/servicios\/","og_locale":"en_US","og_type":"article","og_title":"Servicios - B. Petru","og_description":"servicios Nuestros Servicios Transportes eficientes y confiables, dise\u00f1ados para satisfacer todas tus necesidades de movilidad. Mercanc\u00edas en General Transportamos tus mercanc\u00edas con eficiencia y seguridad, garantizando entregas puntuales y en perfectas condiciones. Mercanc\u00edas Peligrosas Transportamos mercanc\u00edas peligrosas con total seguridad y conforme a las normativas ADR, asegurando tu carga y su correcta entrega. \u00a1Cont\u00e1ctanos hoy [&hellip;]","og_url":"https:\/\/bpetru.com\/eus\/servicios\/","og_site_name":"B. Petru","article_modified_time":"2024-08-01T17:07:07+00:00","og_image":[{"url":"https:\/\/bpetru.com\/wp-content\/uploads\/2024\/08\/a-red-truck-loaded-with-boxes-e1722529691347-1024x1024.jpg","type":"","width":"","height":""}],"twitter_card":"summary_large_image","twitter_misc":{"Est. reading time":"1 minutua"},"schema":{"@context":"https:\/\/schema.org","@graph":[{"@type":"WebPage","@id":"https:\/\/bpetru.com\/servicios\/","url":"https:\/\/bpetru.com\/servicios\/","name":"Servicios - B. Petru","isPartOf":{"@id":"https:\/\/bpetru.com\/#website"},"primaryImageOfPage":{"@id":"https:\/\/bpetru.com\/servicios\/#primaryimage"},"image":{"@id":"https:\/\/bpetru.com\/servicios\/#primaryimage"},"thumbnailUrl":"https:\/\/bpetru.com\/wp-content\/uploads\/2024\/08\/a-red-truck-loaded-with-boxes-e1722529691347-1024x1024.jpg","datePublished":"2024-07-24T16:23:33+00:00","dateModified":"2024-08-01T17:07:07+00:00","breadcrumb":{"@id":"https:\/\/bpetru.com\/servicios\/#breadcrumb"},"inLanguage":"eu","potentialAction":[{"@type":"ReadAction","target":["https:\/\/bpetru.com\/servicios\/"]}]},{"@type":"ImageObject","inLanguage":"eu","@id":"https:\/\/bpetru.com\/servicios\/#primaryimage","url":"https:\/\/bpetru.com\/wp-content\/uploads\/2024\/08\/a-red-truck-loaded-with-boxes-e1722529691347-1024x1024.jpg","contentUrl":"https:\/\/bpetru.com\/wp-content\/uploads\/2024\/08\/a-red-truck-loaded-with-boxes-e1722529691347-1024x1024.jpg"},{"@type":"BreadcrumbList","@id":"https:\/\/bpetru.com\/servicios\/#breadcrumb","itemListElement":[{"@type":"ListItem","position":1,"name":"Portada","item":"https:\/\/bpetru.com\/"},{"@type":"ListItem","position":2,"name":"Servicios"}]},{"@type":"WebSite","@id":"https:\/\/bpetru.com\/#website","url":"https:\/\/bpetru.com\/","name":"B. Petru","description":"","publisher":{"@id":"https:\/\/bpetru.com\/#organization"},"potentialAction":[{"@type":"SearchAction","target":{"@type":"EntryPoint","urlTemplate":"https:\/\/bpetru.com\/?s={search_term_string}"},"query-input":{"@type":"PropertyValueSpecification","valueRequired":true,"valueName":"search_term_string"}}],"inLanguage":"eu"},{"@type":"Organization","@id":"https:\/\/bpetru.com\/#organization","name":"B. Petru","url":"https:\/\/bpetru.com\/","logo":{"@type":"ImageObject","inLanguage":"eu","@id":"https:\/\/bpetru.com\/#\/schema\/logo\/image\/","url":"https:\/\/bpetru.com\/wp-content\/uploads\/2024\/08\/cropped-1-1.png","contentUrl":"https:\/\/bpetru.com\/wp-content\/uploads\/2024\/08\/cropped-1-1.png","width":286,"height":282,"caption":"B. Petru "},"image":{"@id":"https:\/\/bpetru.com\/#\/schema\/logo\/image\/"}}]}},"_links":{"self":[{"href":"https:\/\/bpetru.com\/eus\/wp-json\/wp\/v2\/pages\/13","targetHints":{"allow":["GET"]}}],"collection":[{"href":"https:\/\/bpetru.com\/eus\/wp-json\/wp\/v2\/pages"}],"about":[{"href":"https:\/\/bpetru.com\/eus\/wp-json\/wp\/v2\/types\/page"}],"author":[{"embeddable":true,"href":"https:\/\/bpetru.com\/eus\/wp-json\/wp\/v2\/users\/1"}],"replies":[{"embeddable":true,"href":"https:\/\/bpetru.com\/eus\/wp-json\/wp\/v2\/comments?post=13"}],"version-history":[{"count":7,"href":"https:\/\/bpetru.com\/eus\/wp-json\/wp\/v2\/pages\/13\/revisions"}],"predecessor-version":[{"id":171,"href":"https:\/\/bpetru.com\/eus\/wp-json\/wp\/v2\/pages\/13\/revisions\/171"}],"wp:attachment":[{"href":"https:\/\/bpetru.com\/eus\/wp-json\/wp\/v2\/media?parent=13"}],"curies":[{"name":"wp","href":"https:\/\/api.w.org\/{rel}","templated":true}]}}